{"id":3296,"date":"2025-02-24T20:54:58","date_gmt":"2025-02-24T19:54:58","guid":{"rendered":"https:\/\/busf.org\/aviso-legal\/"},"modified":"2025-08-12T09:34:06","modified_gmt":"2025-08-12T07:34:06","slug":"legal-notice","status":"publish","type":"page","link":"https:\/\/busf.org\/en\/legal-notice\/","title":{"rendered":"Legal Notice"},"content":{"rendered":"\n<p>En cumplimiento con el deber de informaci\u00f3n recogido en art\u00edculo 10 de la Ley 34\/2002, de 11 de julio, de Servicios de la Sociedad de la Informaci\u00f3n y del Comercio Electr\u00f3nico (LSSICE), el propietario de la web , le informa de lo siguiente:<\/p>\n\n\n\n<ul class=\"wp-block-list\">\n<li>Denominaci\u00f3n social: Bomberos Unidos Sin Fronteras<\/li>\n\n\n\n<li>NIF: G81514085<\/li>\n\n\n\n<li>Domicilio: Plaza Mayor De Villaverde, 5, 28021. Madrid<\/li>\n\n\n\n<li>Inscrita en el Registro Nacional Asociaciones Protocolo N\u00ba 500.528<\/li>\n<\/ul>\n\n\n\n<p>Con los l\u00edmites establecidos en la ley, Bomberos Unidos Sin Fronteras no asume ninguna responsabilidad derivada de la falta de veracidad, integridad, actualizaci\u00f3n y precisi\u00f3n de los datos o informaciones que contienen sus p\u00e1ginas web.<\/p>\n\n\n\n<p>Los contenidos e informaci\u00f3n no vinculan a Bomberos Unidos Sin Fronteras ni constituyen opiniones, consejos o asesoramiento legal de ning\u00fan tipo pues se trata meramente de un servicio ofrecido con car\u00e1cter informativo y divulgativo.<\/p>\n\n\n\n<p>Las p\u00e1ginas de Internet de Bomberos Unidos Sin Fronteras pueden contener enlaces (links) a otras p\u00e1ginas de terceras partes que Bomberos Unidos Sin Fronteras no puede controlar. Por lo tanto, Bomberos Unidos Sin Fronteras no puede asumir responsabilidades por el contenido que pueda aparecer en p\u00e1ginas de terceros.<\/p>\n\n\n\n<p>Los textos, im\u00e1genes, sonidos, animaciones, software y el resto de contenidos incluidos en este website son propiedad exclusiva de Bomberos Unidos Sin Fronteras o sus licenciantes. Cualquier acto de transmisi\u00f3n, distribuci\u00f3n, cesi\u00f3n, reproducci\u00f3n, almacenamiento o comunicaci\u00f3n p\u00fablica total o parcial, deber\u00e1 contar con el consentimiento expreso de Bomberos Unidos Sin Fronteras.<\/p>\n\n\n\n<p>Asimismo, para acceder a algunos de los servicios que Bomberos Unidos Sin Fronteras ofrece a trav\u00e9s del sitio web, deber\u00e1 proporcionar algunos datos de car\u00e1cter personal. En cumplimiento de lo establecido en el Reglamento (UE) 2016\/679 del Parlamento Europeo y del Consejo, de 27 de abril de 2016, relativo a la protecci\u00f3n de las personas f\u00edsicas en lo que respecta al tratamiento de datos personales y a la libre circulaci\u00f3n de estos datos le informamos que, mediante la cumplimentaci\u00f3n de los presentes formularios, sus datos personales quedar\u00e1n incorporados y ser\u00e1n tratados en los ficheros de Bomberos Unidos Sin Fronteras con el fin de poderle prestar y ofrecer nuestros servicios as\u00ed como para informarle de las mejoras del sitio Web.<\/p>\n\n\n\n<p>Le informamos tambi\u00e9n de que tendr\u00e1 la posibilidad en todo momento de ejercer los derechos de acceso, rectificaci\u00f3n, cancelaci\u00f3n, oposici\u00f3n, limitaci\u00f3n y portabilidad de sus datos de car\u00e1cter personal, de manera gratuita mediante email a: <a href=\"mailto:info@busf.org\">info@busf.org<\/a> o en la direcci\u00f3n: Plaza Mayor De Villaverde, 5, 28021 &#8211; Villaverde (Madrid).<\/p>\n\n\n\n<p>REV: 20.0211<\/p>\n","protected":false},"excerpt":{"rendered":"<p>En cumplimiento con el deber de informaci\u00f3n recogido en art\u00edculo 10 de la Ley 34\/2002, de 11 de julio, de Servicios de la Sociedad de la Informaci\u00f3n y del Comercio Electr\u00f3nico (LSSICE), el propietario de la web , le informa de lo siguiente: Con los l\u00edmites establecidos en la ley, Bomberos Unidos Sin Fronteras no [&hellip;]<\/p>\n","protected":false},"author":1,"featured_media":0,"parent":0,"menu_order":2000,"comment_status":"closed","ping_status":"closed","template":"","meta":{"_acf_changed":false,"footnotes":""},"subpagina":[],"class_list":["post-3296","page","type-page","status-publish","hentry"],"acf":[],"_links":{"self":[{"href":"https:\/\/busf.org\/en\/wp-json\/wp\/v2\/pages\/3296","targetHints":{"allow":["GET"]}}],"collection":[{"href":"https:\/\/busf.org\/en\/wp-json\/wp\/v2\/pages"}],"about":[{"href":"https:\/\/busf.org\/en\/wp-json\/wp\/v2\/types\/page"}],"author":[{"embeddable":true,"href":"https:\/\/busf.org\/en\/wp-json\/wp\/v2\/users\/1"}],"replies":[{"embeddable":true,"href":"https:\/\/busf.org\/en\/wp-json\/wp\/v2\/comments?post=3296"}],"version-history":[{"count":4,"href":"https:\/\/busf.org\/en\/wp-json\/wp\/v2\/pages\/3296\/revisions"}],"predecessor-version":[{"id":4154,"href":"https:\/\/busf.org\/en\/wp-json\/wp\/v2\/pages\/3296\/revisions\/4154"}],"wp:attachment":[{"href":"https:\/\/busf.org\/en\/wp-json\/wp\/v2\/media?parent=3296"}],"wp:term":[{"taxonomy":"subpagina","embeddable":true,"href":"https:\/\/busf.org\/en\/wp-json\/wp\/v2\/subpagina?post=3296"}],"curies":[{"name":"wp","href":"https:\/\/api.w.org\/{rel}","templated":true}]}}