{"id":3294,"date":"2025-02-24T20:55:22","date_gmt":"2025-02-24T19:55:22","guid":{"rendered":"https:\/\/busf.org\/terminos-y-condiciones-del-servicio\/"},"modified":"2025-10-15T12:19:47","modified_gmt":"2025-10-15T10:19:47","slug":"terminos-y-condiciones-del-servicio","status":"publish","type":"page","link":"https:\/\/busf.org\/en\/terminos-y-condiciones-del-servicio\/","title":{"rendered":"Terms and conditions"},"content":{"rendered":"\n<p>www.busf.org (en adelante, la Web) es un sitio web propiedad de Bomberos Unidos Sin Fronteras, en adelante EL PROPIETARIO, con CIF\/NIF n\u00ba: G81514085 y domicilio social en: Plaza Mayor De Villaverde, 5, C.P. 28021 &#8211; Villaverde (Madrid).<\/p>\n\n\n\n<p>El acceso, reproducci\u00f3n y uso de los servicios de la Web requiere la aceptaci\u00f3n previa de las Condiciones de Uso vigentes en cada momento; EL PROPIETARIO se reserva el derecho de modificar dichas Condiciones cuando lo considere oportuno, mediante la publicaci\u00f3n del nuevo texto en la Web. Es responsabilidad del usuario conocer las Condiciones de Uso antes de acceder a los productos y servicios de la Web; en caso de no estar conforme con las mismas, le rogamos, se abstenga de utilizarla.<\/p>\n\n\n\n<h2 class=\"wp-block-heading\">PROPIEDAD<\/h2>\n\n\n\n<p>La Web es una obra compuesta de diversos elementos integrados e inseparables (texto, ilustraciones, fotograf\u00edas, im\u00e1genes animadas, v\u00eddeos, programas de ordenador, incluidos los c\u00f3digos html del sitio web, etc.), cuya Propiedad Intelectual le corresponde a EL PROPIETARIO, salvo en lo referente a aquellos materiales obtenidos bajo licencia de terceros.<\/p>\n\n\n\n<p>EL PROPIETARIO y sus licenciantes retienen en todo momento la Propiedad Intelectual sobre la Web y sobre los distintos elementos que la componen, individualmente considerados, en todas las copias que se realicen (cualquiera que sea el soporte al que se incorporen), concediendo sobre los mismos \u00fanicamente los derechos de uso que m\u00e1s adelante se describen. Cualquier derecho que no sea expresamente cedido se entiende reservado.<\/p>\n\n\n\n<p>Adem\u00e1s de lo anterior, EL PROPIETARIO es responsable de la selecci\u00f3n, dise\u00f1o de la estructura y disposici\u00f3n de los contenidos de la Web, as\u00ed como quien ha tomado la iniciativa y asumido el riesgo de efectuar las inversiones sustanciales orientadas a la obtenci\u00f3n, digitalizaci\u00f3n y presentaci\u00f3n de la misma, correspondi\u00e9ndole, por tanto, la protecci\u00f3n que el art\u00edculo 12 y el T\u00edtulo VIII del Libro II de la Ley de Propiedad Intelectual pueda conceder sobre el sitio web, considerado como una base de datos.<\/p>\n\n\n\n<p>EL PROPIETARIO es tambi\u00e9n el \u00fanico due\u00f1o del dise\u00f1o e imagen gr\u00e1fica de la Web, reserv\u00e1ndose las acciones legales pertinentes que le pudieran corresponder contra las personas que realicen imitaciones o usos desleales del mismo.<\/p>\n\n\n\n<h2 class=\"wp-block-heading\">CONTENIDOS WEB Y DESCARGAS. USOS PERMITIDOS Y PROHIBIDOS.<\/h2>\n\n\n\n<p>Est\u00e1 permitida:<\/p>\n\n\n\n<ul class=\"wp-block-list\">\n<li>La navegaci\u00f3n por la Web, es decir, el acceso y visualizaci\u00f3n de la misma en un dispositivo, quedando autorizada cualquier reproducci\u00f3n temporal o accesoria, siempre que la misma no sea voluntaria y forme parte integrante y esencial del proceso tecnol\u00f3gico de transmisi\u00f3n. La navegaci\u00f3n por determinadas secciones de la Web requieren el previo registro.<\/li>\n\n\n\n<li>Beneficiarse (previo registro), de los servicios y ventajas prestados por EL PROPIETARIO a trav\u00e9s de la Web a sus usuarios, en las condiciones que se se\u00f1alen expresamente en las distintas secciones.<\/li>\n<\/ul>\n\n\n\n<p>Queda terminantemente prohibido:<\/p>\n\n\n\n<ul class=\"wp-block-list\">\n<li>Cualesquiera operaciones respecto de la Web, sus contenidos, los productos descargados y las copias de todos ellos que sean contrarias a la Ley, las buenas costumbres y la buena fe.<\/li>\n\n\n\n<li>Cualquier utilizaci\u00f3n fuera del \u00e1mbito personal y privado, especialmente aquellas que tengan fines comerciales o profesionales, incluido el env\u00edo de publicidad o mensajes y la recopilaci\u00f3n y tratamiento de datos de terceros.<\/li>\n\n\n\n<li>Cualquier tipo de extracci\u00f3n, comunicaci\u00f3n p\u00fablica y\/o transmisi\u00f3n, total o parcial, por cualquier medio, fuera del \u00e1mbito privado de uso permitido y, especialmente, su incorporaci\u00f3n a cualquier otra obra, incluidas p\u00e1ginas web, colecciones o bases de datos. Se except\u00faa de esta prohibici\u00f3n la publicaci\u00f3n en medios de comunicaci\u00f3n de los materiales susceptibles de descarga de la secci\u00f3n Sala de Prensa.<\/li>\n\n\n\n<li>La remoci\u00f3n, ocultaci\u00f3n o falseamiento de los avisos y advertencias sobre la Propiedad Intelectual o Industrial de la Web o de cualquiera de los productos facilitados a trav\u00e9s de la misma.<\/li>\n\n\n\n<li>Las operaciones y actividades expresamente prohibidas en cualesquiera otras secciones de estas Condiciones Generales y, en general, cualquiera que pueda perjudicar el normal funcionamiento de la Web, a otros usuarios o a cualquier tercero.<\/li>\n<\/ul>\n\n\n\n<h2 class=\"wp-block-heading\">LINKS A LA WEB<\/h2>\n\n\n\n<p>Queda autorizado el establecimiento de v\u00ednculos e hiperv\u00ednculos con la Web desde otras p\u00e1ginas o sitios web, siempre que los mismos no se hagan de forma que perjudique la imagen p\u00fablica y de marca de EL PROPIETARIO, de la Web o de cualquiera de las personas y productos a que se haga referencia en la misma. En el establecimiento de v\u00ednculos con la Web queda expresamente prohibida la utilizaci\u00f3n de t\u00e9cnicas que impliquen confusi\u00f3n sobre la identidad y propiedad de los contenidos, tales como el framing u otras.<br>Queda prohibido el establecimiento de v\u00ednculos desde p\u00e1ginas o sitios web cuyos contenidos promocionen o hagan apolog\u00eda, directa o indirectamente, de cualquier tipo de violencia, discriminaci\u00f3n, pornograf\u00eda o actividad ilegal.<\/p>\n\n\n\n<p>Asimismo, queda expresamente prohibido el establecimiento de links con fines mercantiles.<\/p>\n\n\n\n<p>En la creaci\u00f3n de los v\u00ednculos queda expresamente prohibida la utilizaci\u00f3n de elementos extra\u00eddos de la Web, sin el consentimiento previo y expreso de EL PROPIETARIO En ning\u00fan caso podr\u00e1 entenderse que los v\u00ednculos a la Web desde p\u00e1ginas o sitios web de terceros implican relaciones de EL PROPIETARIO con los titulares de \u00e9stos, ni implica respaldo, patrocinio o recomendaci\u00f3n alguna de EL PROPIETARIO sobre los mismos, por lo que EL PROPIETARIO no ser\u00e1 responsable en absoluto respecto de su contenido y licitud.<\/p>\n\n\n\n<h2 class=\"wp-block-heading\">CONTENIDOS Y COMPORTAMIENTO DEL USUARIO<\/h2>\n\n\n\n<p>Como cliente o usuario de la Web, Ud. se compromete a hacer un uso adecuado de los contenidos y servicios ofrecidos a trav\u00e9s de la misma y a no emplearlos para:<\/p>\n\n\n\n<ol class=\"wp-block-list\">\n<li>Incurrir en actividades il\u00edcitas, ilegales o contrarias a la buena fe y al orden p\u00fablico.<\/li>\n\n\n\n<li>Difundir contenidos o propaganda de car\u00e1cter racista, xen\u00f3fobo, pornogr\u00e1fico, que haga apolog\u00eda del terrorismo o que atente contra los derechos humanos.<\/li>\n\n\n\n<li>Provocar da\u00f1os en los sistemas f\u00edsicos y l\u00f3gicos de EL PROPIETARIO, de sus proveedores o de terceras personas, introducir o difundir en la red virus inform\u00e1ticos o cualesquiera otros sistemas f\u00edsicos o l\u00f3gicos que sean susceptibles de provocar los da\u00f1os anteriormente mencionados.<\/li>\n\n\n\n<li>Difundir contenidos que atenten contra la imagen y reputaci\u00f3n de EL PROPIETARIO o de terceros.<\/li>\n\n\n\n<li>Atentar contra los derechos de Propiedad Intelectual, Industrial, de imagen, honor u otros que correspondan a EL PROPIETARIO o a terceros.<\/li>\n<\/ol>\n\n\n\n<p>EL PROPIETARIO tendr\u00e1 plena libertad de decisi\u00f3n sobre si las colaboraciones y mensajes son finalmente publicadas en la Web o no, quedando facultada para retirarlos cuando estime oportuno.<br>La infracci\u00f3n de cualquiera de las normas contenidas en estas Condiciones de uso y muy especialmente, de lo previsto en la presente cl\u00e1usula, facultar\u00e1n a EL PROPIETARIO para darle de baja de forma inmediata como usuario o suscriptor de la Web.<\/p>\n\n\n\n<h2 class=\"wp-block-heading\">FORMAS DE PAGO<\/h2>\n\n\n\n<p>Las formas de pago admitidas en la tienda online son:<\/p>\n\n\n\n<ul class=\"wp-block-list\">\n<li>Tarjeta de cr\u00e9dito<\/li>\n\n\n\n<li>Transferencia bancaria<\/li>\n\n\n\n<li>Paypal<\/li>\n\n\n\n<li>Otros<\/li>\n<\/ul>\n\n\n\n<h2 class=\"wp-block-heading\">DESISTIMIENTO<\/h2>\n\n\n\n<p>En base a lo dispuesto en el art. 103 de la Ley General para la Defensa de los Consumidores y Usuarios, se excluye el derecho de desistimiento debido al siguiente motivo:<\/p>\n\n\n\n<p>\u2013 Servicio ya iniciado y p\u00e9rdida del derecho de desistimiento una vez ejecutado por completo.<\/p>\n\n\n\n<h2 class=\"wp-block-heading\">POL\u00cdTICA DE CAMBIOS Y DEVOLUCIONES<\/h2>\n\n\n\n<p>Para solicitar un cambio de producto, el cliente debe contactar con atenci\u00f3n al cliente dentro de los posteriores a la recepci\u00f3n del pedido.<\/p>\n\n\n\n<p>En caso de devoluciones, los gastos de env\u00edo y recogida correr\u00e1n por cuenta.<\/p>\n\n\n\n<p>En caso de que el producto a cambiar tenga un precio mayor al anteriormente comprado, el cliente deber\u00e1 abonar la diferencia del valor. Si por contra, el nuevo producto tiene un precio menor al anteriormente comprado, no se devolver\u00e1 la diferencia del importe en efectivo, sino que se realizar\u00e1 en forma de cheque regalo para utilizar en su pr\u00f3xima compra.<br>Para gestionar cualquier tipo de devoluci\u00f3n o cambio de productos comprados en www.busf.org el cliente debe ponerse en contacto con nuestro servicio de Atenci\u00f3n al Cliente.<br>El cliente deber\u00e1 indicarnos el n\u00famero de pedido y le diremos exactamente todos los pasos a seguir.<br>Le informamos tambi\u00e9n de que no aceptaremos cambios o devoluciones que no hayan sido previamente comunicados por las v\u00edas indicadas.<\/p>\n\n\n\n<h2 class=\"wp-block-heading\">SERVICIO DE ATENCI\u00d3N AL CLIENTE<\/h2>\n\n\n\n<p>El cliente podr\u00e1 cancelar el pedido sin ning\u00fan cargo y sin aportar raz\u00f3n alguna, debiendo contactar lo antes posible con atenci\u00f3n al cliente en el tel\u00e9fono: 914671216, o a trav\u00e9s de la siguiente direcci\u00f3n de correo electr\u00f3nico: info@busf.org, cuyo horario de atenci\u00f3n al p\u00fablico es de: 8:30 a 16:30. Si el pedido no ha salido de nuestros almacenes, lo cancelaremos sin problema, pero si el pedido ya est\u00e1 de camino, tendremos que esperar a recibirlo de vuelta y una vez confirmada la recepci\u00f3n del mismo, se devolver\u00e1 el importe del producto menos los gastos de env\u00edo y la devoluci\u00f3n ser\u00e1 llevada en la misma forma de pago utilizado en la compra.<\/p>\n\n\n\n<h2 class=\"wp-block-heading\">PROTECCI\u00d3N DE DATOS<\/h2>\n\n\n\n<p>La informaci\u00f3n o datos personales que nos facilite ser\u00e1n tratados con arreglo a lo establecido en la Pol\u00edtica de Privacidad. Al hacer uso de esta p\u00e1gina web se consiente el tratamiento de dicha informaci\u00f3n y datos y se declara que toda la informaci\u00f3n o datos que nos facilite son veraces y se corresponden con la realidad.<\/p>\n\n\n\n<h2 class=\"wp-block-heading\">MODIFICACIONES<\/h2>\n\n\n\n<p>EL PROPIETARIO se reserva el derecho de efectuar, sin previo aviso, las modificaciones que considere oportunas en la Web, pudiendo cambiar, suprimir o a\u00f1adir tanto los contenidos y servicios que se presten a trav\u00e9s de la misma, como la forma en la que \u00e9stos aparezcan presentados o localizados.<br>Aunque EL PROPIETARIO pondr\u00e1 sus mayores esfuerzos en mantener actualizada y libre de errores la informaci\u00f3n contenida en la Web, no ofrece garant\u00eda alguna respecto de su exactitud y puesta al d\u00eda. Tampoco est\u00e1 garantizada la obtenci\u00f3n de ning\u00fan resultado o fin concreto, por lo que el acceso y utilizaci\u00f3n de la Web, es de exclusiva responsabilidad de los usuarios y clientes.<\/p>\n\n\n\n<h2 class=\"wp-block-heading\">ACCIONES LEGALES<\/h2>\n\n\n\n<p>EL PROPIETARIO perseguir\u00e1 el incumplimiento de estas Condiciones de Uso, as\u00ed como cualquier utilizaci\u00f3n indebida de la Web o de sus contenidos, las infracciones de los derechos que le correspondan a ella o a sus licenciantes, especialmente los de Propiedad Intelectual e Industrial, ejercitando todas las acciones, civiles y penales, que le puedan corresponder en Derecho.<\/p>\n","protected":false},"excerpt":{"rendered":"<p>www.busf.org (en adelante, la Web) es un sitio web propiedad de Bomberos Unidos Sin Fronteras, en adelante EL PROPIETARIO, con CIF\/NIF n\u00ba: G81514085 y domicilio social en: Plaza Mayor De Villaverde, 5, C.P. 28021 &#8211; Villaverde (Madrid). El acceso, reproducci\u00f3n y uso de los servicios de la Web requiere la aceptaci\u00f3n previa de las Condiciones [&hellip;]<\/p>\n","protected":false},"author":1,"featured_media":0,"parent":0,"menu_order":2200,"comment_status":"closed","ping_status":"closed","template":"","meta":{"_acf_changed":false,"footnotes":""},"subpagina":[],"class_list":["post-3294","page","type-page","status-publish","hentry"],"acf":[],"_links":{"self":[{"href":"https:\/\/busf.org\/en\/wp-json\/wp\/v2\/pages\/3294","targetHints":{"allow":["GET"]}}],"collection":[{"href":"https:\/\/busf.org\/en\/wp-json\/wp\/v2\/pages"}],"about":[{"href":"https:\/\/busf.org\/en\/wp-json\/wp\/v2\/types\/page"}],"author":[{"embeddable":true,"href":"https:\/\/busf.org\/en\/wp-json\/wp\/v2\/users\/1"}],"replies":[{"embeddable":true,"href":"https:\/\/busf.org\/en\/wp-json\/wp\/v2\/comments?post=3294"}],"version-history":[{"count":2,"href":"https:\/\/busf.org\/en\/wp-json\/wp\/v2\/pages\/3294\/revisions"}],"predecessor-version":[{"id":4510,"href":"https:\/\/busf.org\/en\/wp-json\/wp\/v2\/pages\/3294\/revisions\/4510"}],"wp:attachment":[{"href":"https:\/\/busf.org\/en\/wp-json\/wp\/v2\/media?parent=3294"}],"wp:term":[{"taxonomy":"subpagina","embeddable":true,"href":"https:\/\/busf.org\/en\/wp-json\/wp\/v2\/subpagina?post=3294"}],"curies":[{"name":"wp","href":"https:\/\/api.w.org\/{rel}","templated":true}]}}